{"id":448,"date":"2024-04-10T10:05:14","date_gmt":"2024-04-10T10:05:14","guid":{"rendered":"https:\/\/advokatnordic.se\/?page_id=448"},"modified":"2026-04-03T12:36:06","modified_gmt":"2026-04-03T12:36:06","slug":"about-us","status":"publish","type":"page","link":"https:\/\/globalmigration.se\/en\/about-us\/","title":{"rendered":"About Us"},"content":{"rendered":"<div data-elementor-type=\"wp-page\" data-elementor-id=\"448\" class=\"elementor elementor-448\" data-elementor-post-type=\"page\">\n\t\t\t\t\t\t<section class=\"elementor-section elementor-top-section elementor-element elementor-element-4cdb71ba elementor-section-boxed elementor-section-height-default elementor-section-height-default\" data-id=\"4cdb71ba\" data-element_type=\"section\" data-settings=\"{&quot;background_background&quot;:&quot;classic&quot;}\">\n\t\t\t\t\t\t\t<div class=\"elementor-background-overlay\"><\/div>\n\t\t\t\t\t\t\t<div class=\"elementor-container elementor-column-gap-no\">\n\t\t\t\t\t<div class=\"elementor-column elementor-col-100 elementor-top-column elementor-element elementor-element-6d564ab5\" data-id=\"6d564ab5\" data-element_type=\"column\">\n\t\t\t<div class=\"elementor-widget-wrap elementor-element-populated\">\n\t\t\t\t\t\t<div class=\"elementor-element elementor-element-238e0b3e elementor-widget elementor-widget-heading\" data-id=\"238e0b3e\" data-element_type=\"widget\" data-widget_type=\"heading.default\">\n\t\t\t\t<div class=\"elementor-widget-container\">\n\t\t\t<style>\/*! elementor - v3.21.0 - 22-05-2024 *\/\n.elementor-heading-title{padding:0;margin:0;line-height:1}.elementor-widget-heading .elementor-heading-title[class*=elementor-size-]>a{color:inherit;font-size:inherit;line-height:inherit}.elementor-widget-heading .elementor-heading-title.elementor-size-small{font-size:15px}.elementor-widget-heading .elementor-heading-title.elementor-size-medium{font-size:19px}.elementor-widget-heading .elementor-heading-title.elementor-size-large{font-size:29px}.elementor-widget-heading .elementor-heading-title.elementor-size-xl{font-size:39px}.elementor-widget-heading .elementor-heading-title.elementor-size-xxl{font-size:59px}<\/style><h1 class=\"elementor-heading-title elementor-size-default\">About us<\/h1>\t\t<\/div>\n\t\t\t\t<\/div>\n\t\t\t\t\t<\/div>\n\t\t<\/div>\n\t\t\t\t\t<\/div>\n\t\t<\/section>\n\t\t\t\t<section class=\"elementor-section elementor-top-section elementor-element elementor-element-3825c99f elementor-section-content-middle elementor-section-boxed elementor-section-height-default elementor-section-height-default\" data-id=\"3825c99f\" data-element_type=\"section\">\n\t\t\t\t\t\t<div class=\"elementor-container elementor-column-gap-no\">\n\t\t\t\t\t<div class=\"elementor-column elementor-col-50 elementor-top-column elementor-element elementor-element-6e272b7e\" data-id=\"6e272b7e\" data-element_type=\"column\">\n\t\t\t<div class=\"elementor-widget-wrap elementor-element-populated\">\n\t\t\t\t\t\t<div class=\"elementor-element elementor-element-282d9446 elementor-widget elementor-widget-icon-box\" data-id=\"282d9446\" data-element_type=\"widget\" data-widget_type=\"icon-box.default\">\n\t\t\t\t<div class=\"elementor-widget-container\">\n\t\t\t<link rel=\"stylesheet\" href=\"https:\/\/globalmigration.se\/wp-content\/plugins\/elementor\/assets\/css\/widget-icon-box.min.css\">\t\t<div class=\"elementor-icon-box-wrapper\">\n\n\t\t\t\n\t\t\t\t\t\t<div class=\"elementor-icon-box-content\">\n\n\t\t\t\t\t\t\t\t\t<h3 class=\"elementor-icon-box-title\">\n\t\t\t\t\t\t<span  >\n\t\t\t\t\t\t\tWe provide our clients with solution-oriented legal advice. \t\t\t\t\t\t<\/span>\n\t\t\t\t\t<\/h3>\n\t\t\t\t\n\t\t\t\t\t\t\t\t\t<p class=\"elementor-icon-box-description\">\n\t\t\t\t\t\t<div dir=\"ltr\" style=\"white-space-collapse: collapse;\"><span style=\"font-weight: bolder;\">Min Vision<\/span><span style=\"background-color: var( --e-global-color-8c7e707 ); color: var( --e-global-color-text ); font-family: var( --e-global-typography-text-font-family ), Sans-serif; font-size: var( --e-global-typography-text-font-size ); font-weight: var( --e-global-typography-text-font-weight ); letter-spacing: var( --e-global-typography-text-letter-spacing ); word-spacing: var( --e-global-typography-text-word-spacing );\"><br><\/span><\/div><div dir=\"ltr\" style=\"white-space-collapse: collapse;\"><span style=\"background-color: var( --e-global-color-8c7e707 ); color: var( --e-global-color-text ); font-family: var( --e-global-typography-text-font-family ), Sans-serif; font-size: var( --e-global-typography-text-font-size ); font-weight: var( --e-global-typography-text-font-weight ); letter-spacing: var( --e-global-typography-text-letter-spacing ); word-spacing: var( --e-global-typography-text-word-spacing );\"><\/span><\/div><p style=\"white-space-collapse: collapse;\">\n\n\n\n<br>\nJag ser framf\u00f6r mig en r\u00e4ttsordning d\u00e4r varje m\u00e4nniska m\u00f6ts med v\u00e4rdighet, r\u00e4ttss\u00e4kerhet och medk\u00e4nsla, oavsett bakgrund, spr\u00e5k eller personlig historia.\n<\/p>\n<span style=\"font-weight: bolder;\">Mitt Uppdrag\n<\/span>\n<p>\nJag f\u00f6retr\u00e4der individer inom alla omr\u00e5den av migrationsr\u00e4tt, fr\u00e5n asyl och familje\u00e5terf\u00f6rening till arbetstillst\u00e5nd, studier, medborgarskap och skydd mot utvisning. Med juridisk precision, empati och mod st\u00e5r jag vid sidan av dem som navigerar i komplexa system. Genom mitt arbete synligg\u00f6r jag migrationsprocessens blinda fl\u00e4ckar och f\u00f6respr\u00e5kar r\u00e4ttvisa, v\u00e4rdighet och laglig till\u00e4mpning av lagen.\n<\/p>\n<span style=\"font-weight: bolder;\">Manifest f\u00f6r Min Juridiska R\u00f6st <\/span>\n<p style=\"white-space-collapse: collapse;\">Jag st\u00e5r p\u00e5 denna sida och jag backar inte. Jag har sett b\u00e5da sidor, jag har suttit i myndighetskontor, l\u00e4st \u00e4rendefiler och f\u00f6rst\u00e5tt systemets logik. Men jag har ocks\u00e5 k\u00e4nt sorgen n\u00e4r systemet blir kallt, sett r\u00e4dslan i \u00f6gonen p\u00e5 dem vi kallar \"\u00e4renden\", och sj\u00e4lv upplevt tvivel, tystnad, f\u00f6rlust och \u00e5terf\u00f6delse.\n<br>&nbsp;\n<\/br>\nMin r\u00f6st b\u00e4r b\u00e5de sprickor och styrka. Den kommer inte fr\u00e5n ett perfekt liv utan fr\u00e5n motst\u00e5nd, fr\u00e5n fall och fr\u00e5n att resa sig igen. Mitt juridiska arbete handlar inte bara om lagar och r\u00e4ttspraxis, det \u00e4r f\u00f6rankrat i m\u00e4nsklighet, sanning och mod. Det \u00e4r d\u00e4rf\u00f6r mina ord v\u00e4ger tungt.\n\n<\/br>\n\n<br>\n\nJag f\u00f6rsvarar r\u00e4ttvisa med hj\u00e4rta och sk\u00e4rpa. Jag \u00e4r inte h\u00e4r f\u00f6r att behaga utan f\u00f6r att p\u00e5minna om m\u00e4nniskov\u00e4rde, r\u00e4ttsstatens l\u00f6ften och de m\u00e4nniskor som faller mellan stolarna. Jag skriver med precision, talar med \u00f6vertygelse och h\u00e5ller linjen, \u00e4ven n\u00e4r vinden bl\u00e5ser h\u00e5rt.\n<\/br>\n<br>\nDetta arbete \u00e4r mer \u00e4n ett yrke, det \u00e4r ett kall. Jag str\u00e4var efter att vara den jurist jag sj\u00e4lv en g\u00e5ng beh\u00f6vde, och varje g\u00e5ng jag hj\u00e4lper n\u00e5gon att st\u00e5 stadigt st\u00e5r jag starkare sj\u00e4lv.\n<\/br>\n<br>\n\nJag \u00e4r Shila. Och jag forts\u00e4tter skriva.\n<\/p>\t\t\t\t\t<\/p>\n\t\t\t\t\n\t\t\t<\/div>\n\t\t\t\n\t\t<\/div>\n\t\t\t\t<\/div>\n\t\t\t\t<\/div>\n\t\t\t\t<div class=\"elementor-element elementor-element-f05f7a elementor-align-justify animated-slow elementor-invisible elementor-widget elementor-widget-button\" data-id=\"f05f7a\" data-element_type=\"widget\" data-settings=\"{&quot;_animation&quot;:&quot;zoomIn&quot;,&quot;_animation_delay&quot;:100}\" data-widget_type=\"button.default\">\n\t\t\t\t<div class=\"elementor-widget-container\">\n\t\t\t\t\t<div class=\"elementor-button-wrapper\">\n\t\t\t<a class=\"elementor-button elementor-button-link elementor-size-sm\" href=\"https:\/\/globalmigration.se\/en\/book-an-appointment\/\">\n\t\t\t\t\t\t<span class=\"elementor-button-content-wrapper\">\n\t\t\t\t\t\t\t\t\t<span class=\"elementor-button-text\">BOOK AN APPOINTMENT<\/span>\n\t\t\t\t\t<\/span>\n\t\t\t\t\t<\/a>\n\t\t<\/div>\n\t\t\t\t<\/div>\n\t\t\t\t<\/div>\n\t\t\t\t\t<\/div>\n\t\t<\/div>\n\t\t\t\t<div class=\"elementor-column elementor-col-50 elementor-top-column elementor-element elementor-element-33b90c6\" data-id=\"33b90c6\" data-element_type=\"column\" data-settings=\"{&quot;background_background&quot;:&quot;classic&quot;}\">\n\t\t\t<div class=\"elementor-widget-wrap elementor-element-populated\">\n\t\t\t\t\t\t<div class=\"elementor-element elementor-element-67f5fe84 elementor-widget elementor-widget-spacer\" data-id=\"67f5fe84\" data-element_type=\"widget\" data-widget_type=\"spacer.default\">\n\t\t\t\t<div class=\"elementor-widget-container\">\n\t\t\t<style>\/*! elementor - v3.21.0 - 22-05-2024 *\/\n.elementor-column .elementor-spacer-inner{height:var(--spacer-size)}.e-con{--container-widget-width:100%}.e-con-inner>.elementor-widget-spacer,.e-con>.elementor-widget-spacer{width:var(--container-widget-width,var(--spacer-size));--align-self:var(--container-widget-align-self,initial);--flex-shrink:0}.e-con-inner>.elementor-widget-spacer>.elementor-widget-container,.e-con>.elementor-widget-spacer>.elementor-widget-container{height:100%;width:100%}.e-con-inner>.elementor-widget-spacer>.elementor-widget-container>.elementor-spacer,.e-con>.elementor-widget-spacer>.elementor-widget-container>.elementor-spacer{height:100%}.e-con-inner>.elementor-widget-spacer>.elementor-widget-container>.elementor-spacer>.elementor-spacer-inner,.e-con>.elementor-widget-spacer>.elementor-widget-container>.elementor-spacer>.elementor-spacer-inner{height:var(--container-widget-height,var(--spacer-size))}.e-con-inner>.elementor-widget-spacer.elementor-widget-empty,.e-con>.elementor-widget-spacer.elementor-widget-empty{position:relative;min-height:22px;min-width:22px}.e-con-inner>.elementor-widget-spacer.elementor-widget-empty .elementor-widget-empty-icon,.e-con>.elementor-widget-spacer.elementor-widget-empty .elementor-widget-empty-icon{position:absolute;top:0;bottom:0;left:0;right:0;margin:auto;padding:0;width:22px;height:22px}<\/style>\t\t<div class=\"elementor-spacer\">\n\t\t\t<div class=\"elementor-spacer-inner\"><\/div>\n\t\t<\/div>\n\t\t\t\t<\/div>\n\t\t\t\t<\/div>\n\t\t\t\t\t<\/div>\n\t\t<\/div>\n\t\t\t\t\t<\/div>\n\t\t<\/section>\n\t\t\t\t<section class=\"elementor-section elementor-top-section elementor-element elementor-element-3c4611ae elementor-section-content-middle elementor-section-boxed elementor-section-height-default elementor-section-height-default\" data-id=\"3c4611ae\" data-element_type=\"section\">\n\t\t\t\t\t\t<div class=\"elementor-container elementor-column-gap-no\">\n\t\t\t\t\t<div class=\"elementor-column elementor-col-100 elementor-top-column elementor-element elementor-element-a8e3a77\" data-id=\"a8e3a77\" data-element_type=\"column\" data-settings=\"{&quot;background_background&quot;:&quot;classic&quot;,&quot;background_motion_fx_motion_fx_scrolling&quot;:&quot;yes&quot;,&quot;background_motion_fx_translateY_effect&quot;:&quot;yes&quot;,&quot;background_motion_fx_translateY_speed&quot;:{&quot;unit&quot;:&quot;px&quot;,&quot;size&quot;:5.3,&quot;sizes&quot;:[]},&quot;background_motion_fx_translateY_affectedRange&quot;:{&quot;unit&quot;:&quot;%&quot;,&quot;size&quot;:&quot;&quot;,&quot;sizes&quot;:{&quot;start&quot;:0,&quot;end&quot;:100}},&quot;background_motion_fx_devices&quot;:[&quot;desktop&quot;,&quot;tablet&quot;,&quot;mobile&quot;]}\">\n\t\t\t<div class=\"elementor-widget-wrap elementor-element-populated\">\n\t\t\t\t\t\t<div class=\"elementor-element elementor-element-6e5b3605 elementor-widget elementor-widget-spacer\" data-id=\"6e5b3605\" data-element_type=\"widget\" data-widget_type=\"spacer.default\">\n\t\t\t\t<div class=\"elementor-widget-container\">\n\t\t\t\t\t<div class=\"elementor-spacer\">\n\t\t\t<div class=\"elementor-spacer-inner\"><\/div>\n\t\t<\/div>\n\t\t\t\t<\/div>\n\t\t\t\t<\/div>\n\t\t\t\t\t<\/div>\n\t\t<\/div>\n\t\t\t\t\t<\/div>\n\t\t<\/section>\n\t\t\t\t<\/div>","protected":false},"excerpt":{"rendered":"<p>Om oss Vi ger v\u00e5ra klienter juridisk r\u00e5dgivning som \u00e4r l\u00f6sningsinriktad . Min Vision Jag ser framf\u00f6r mig en r\u00e4ttsordning d\u00e4r varje m\u00e4nniska m\u00f6ts med v\u00e4rdighet, r\u00e4ttss\u00e4kerhet och medk\u00e4nsla, oavsett bakgrund, spr\u00e5k eller personlig historia. Mitt Uppdrag Jag f\u00f6retr\u00e4der individer inom alla omr\u00e5den av migrationsr\u00e4tt, fr\u00e5n asyl och familje\u00e5terf\u00f6rening till arbetstillst\u00e5nd, studier, medborgarskap och skydd [&hellip;]<\/p>","protected":false},"author":1,"featured_media":0,"parent":0,"menu_order":0,"comment_status":"closed","ping_status":"closed","template":"","meta":{"om_disable_all_campaigns":false,"_monsterinsights_skip_tracking":false,"_monsterinsights_sitenote_active":false,"_monsterinsights_sitenote_note":"","_monsterinsights_sitenote_category":0,"footnotes":""},"class_list":["post-448","page","type-page","status-publish","hentry"],"aioseo_notices":[],"_links":{"self":[{"href":"https:\/\/globalmigration.se\/en\/wp-json\/wp\/v2\/pages\/448","targetHints":{"allow":["GET"]}}],"collection":[{"href":"https:\/\/globalmigration.se\/en\/wp-json\/wp\/v2\/pages"}],"about":[{"href":"https:\/\/globalmigration.se\/en\/wp-json\/wp\/v2\/types\/page"}],"author":[{"embeddable":true,"href":"https:\/\/globalmigration.se\/en\/wp-json\/wp\/v2\/users\/1"}],"replies":[{"embeddable":true,"href":"https:\/\/globalmigration.se\/en\/wp-json\/wp\/v2\/comments?post=448"}],"version-history":[{"count":12,"href":"https:\/\/globalmigration.se\/en\/wp-json\/wp\/v2\/pages\/448\/revisions"}],"predecessor-version":[{"id":2868,"href":"https:\/\/globalmigration.se\/en\/wp-json\/wp\/v2\/pages\/448\/revisions\/2868"}],"wp:attachment":[{"href":"https:\/\/globalmigration.se\/en\/wp-json\/wp\/v2\/media?parent=448"}],"curies":[{"name":"wp","href":"https:\/\/api.w.org\/{rel}","templated":true}]}}